{"id":11402,"date":"2024-05-22T09:35:04","date_gmt":"2024-05-22T09:35:04","guid":{"rendered":"https:\/\/botfortelegram.com\/declaracion-de-privacidad-us\/"},"modified":"2024-05-22T09:35:04","modified_gmt":"2024-05-22T09:35:04","slug":"declaracion-de-privacidad-us","status":"publish","type":"page","link":"https:\/\/botfortelegram.com\/es\/declaracion-de-privacidad-us\/","title":{"rendered":"Declaraci\u00f3n de privacidad (US)"},"content":{"rendered":"<div class=\"83702bc9ddb2419f09996268eb9c3177\" data-index=\"1\" style=\"float: none; margin:10px 0 10px 0; text-align:center;\">\n<ins class=\"adsbygoogle vertical\"\r\n     style=\"text-align:center;\"\r\n     data-ad-layout=\"in-article\"\r\n     data-ad-format=\"vertical\"\r\n     data-ad-client=\"ca-pub-3674570305582761\"\r\n     data-ad-slot=\"4343392623\"><\/ins>\r\n<script>\r\n     (adsbygoogle = window.adsbygoogle || []).push({});\r\n<\/script>\r\n\r\n<ins class=\"adsbygoogle rectangle\"\r\n     style=\"text-align:center;\"\r\n     data-ad-layout=\"in-article\"\r\n     data-ad-format=\"rectangle\"\r\n     data-ad-client=\"ca-pub-3674570305582761\"\r\n     data-ad-slot=\"4343392623\"><\/ins>\r\n<script>\r\n     (adsbygoogle = window.adsbygoogle || []).push({});\r\n<\/script>\n<\/div>\n\n<!-- Legal document generated by Complianz | GDPR\/CCPA Cookie Consent https:\/\/wordpress.org\/plugins\/complianz-gdpr -->\n<div id=\"cmplz-document\" class=\"cmplz-document privacy-statement cmplz-document-us\"><p><i>This privacy statement was last changed on 24 de julio de 2024, last checked on 24 de julio de 2024, and applies to citizens and legal permanent residents of the United States.<\/i><br \/><br \/><\/p><p>In this privacy statement, we explain what we do with the data we obtain about you via <a href=\"https:\/\/botfortelegram.com\/es\/\">https:\/\/botfortelegram.com\/es\/<\/a>. We recommend you carefully read this statement. In our processing we comply with the requirements of privacy legislation. That means, among other things, that:<ul>\n                <li>we clearly state the purposes for which we process personal data. We do this by means of this privacy statement;<\/li>\n                <li>we aim to limit our collection of personal data to only the personal data required for legitimate purposes;<\/li>\n                <li>we first request your explicit consent to process your personal data in cases requiring your consent;<\/li>\n                <li>we take appropriate security measures to protect your personal data and also require this from parties that process personal data on our behalf;<\/li>\n                <li>we respect your right to access your personal data or have it corrected or deleted, at your request.<\/li>\n            <\/ul><\/p><p>If you have any questions, or want to know exactly what data we keep of you, please contact us.<\/p><h2>1. Finalidad y categor\u00edas de datos<\/h2><p>Podemos recopilar o recibir informaci\u00f3n personal para un n\u00famero de prop\u00f3sitos relacionados con nuestras operaciones comerciales, que pueden incluir lo siguiente: (haga clic para expandir) <\/b><\/p><details class=\"cmplz-dropdown dropdown-privacy-statement\"><summary><div><h3>1.1 Contacto - Por tel\u00e9fono, correo, correo electr\u00f3nico y\/o formularios en el sitio<\/h3><\/div><\/summary><p class=\"cmplz-subtitle\">Las siguientes categor\u00edas de datos son recopiladas<\/p><p><ul><li>Un nombre y apellido<\/li><li>Una direcci\u00f3n de correo electr\u00f3nico<\/li><li>Direcci\u00f3n IP<\/li><\/ul><\/p><p class=\"cmplz-subtitle\">Per\u00edodo de retenci\u00f3n<\/p><p>Retendremos estos datos hasta que el servicio sea cancelado.<\/p><\/details><details class=\"cmplz-dropdown dropdown-privacy-statement\"><summary><div><h3>1.2 Recopilaci\u00f3n y an\u00e1lisis de estad\u00edsticas para la mejora de la web.<\/h3><\/div><\/summary><p class=\"cmplz-subtitle\">Las siguientes categor\u00edas de datos son recopiladas<\/p><p><ul><li>Un nombre y apellido<\/li><li>Direcci\u00f3n IP<\/li><li>Una direcci\u00f3n de correo electr\u00f3nico<\/li><\/ul><\/p><p class=\"cmplz-subtitle\">Per\u00edodo de retenci\u00f3n<\/p><p>Retendremos estos datos hasta que el servicio sea cancelado.<\/p><\/details><h2>2. Sharing with other parties<\/h2><p>We only share or disclose this data to other recipients for the following purposes:<\/p><p><b>Purpose of the data transfer:<\/b>&nbsp;Statistic purpouses<br \/>\n             <b>Country or state in which this service provider is located:<\/b>&nbsp;USA<br \/><\/p><h2>3. Disclosure practices<\/h2><p><p>Divulgamos informaci\u00f3n personal si nos lo exige la ley o una orden judicial, en respuesta a un organismo encargado de hacer cumplir la ley, en la medida en que lo permitan otras disposiciones legales, para proporcionar informaci\u00f3n o para una investigaci\u00f3n sobre un asunto relacionado con la seguridad p\u00fablica.<\/p><p>Si nuestro sitio web o nuestra organizaci\u00f3n son adquiridos, vendidos o participan en una fusi\u00f3n o adquisici\u00f3n, sus datos podr\u00e1n ser revelados a nuestros asesores y a los posibles compradores, y se transmitir\u00e1n a los nuevos propietarios.<\/p><\/p><h2>4. How we respond to Do Not Track signals &amp; Global Privacy Control <\/h2><p>Our website responds to and supports the Do Not Track (DNT) header request field. If you turn DNT on in your browser, those preferences are communicated to us in the HTTP request header, and we will not track your browsing behavior.<\/p><h2>5. Cookies<\/h2><p>Our website uses cookies. For more information about cookies, please refer to our Cookie Policy on our <a href=\"https:\/\/botfortelegram.com\/es\/opt-out-preferences\/\">Opt-out preferences<\/a> webpage.&nbsp;<\/p><p>We have concluded a data processing agreement with Google.<\/p><p>Google may not use the data for any other Google services.<\/p><p>The inclusion of full IP addresses is blocked by us.<\/p><h2>6. Security<\/h2><p>We are committed to the security of personal data. We take appropriate security measures to limit abuse of and unauthorized access to personal data. This ensures that only the necessary persons have access to your data, that access to the data is protected, and that our security measures are regularly reviewed.<\/p><h2>7. Third-party websites<\/h2><p>This privacy statement does not apply to third-party websites connected by links on our website. We cannot guarantee that these third parties handle your personal data in a reliable or secure manner. We recommend you read the privacy statements of these websites prior to making use of these websites.<\/p><h2>8. Amendments to this privacy statement<\/h2><p>We reserve the right to make amendments to this privacy statement. It is recommended that you consult this privacy statement regularly in order to be aware of any changes. In addition, we will actively inform you wherever possible.<\/p><h2>9. Accessing and modifying your data<\/h2><p>If you have any questions or want to know which personal data we have about you, please contact us. Please make sure to always clearly state who you are, so that we can be certain that we do not modify or delete any data of the wrong person. We shall provide the requested information only upon receipt of a verifiable consumer request. You can contact us by using the information below. You have the following rights:<\/p><p class=\"cmplz-subtitle\">9.1 You have the following rights with respect to your personal data<\/p><ol class=\"alphabetic\">\n                        <li>You may submit a request for access to the data we process about you.<\/li>\n                        <li>You may object to the processing.<\/li>\n                        <li>You may request an overview, in a commonly used format, of the data we process about you.<\/li>\n                        <li>You may request correction or deletion of the data if it is incorrect or not or no longer relevant, or to ask to restrict the processing of the data.<\/li>\n                      <\/ol><h2>10. Children<\/h2><p>Our website is not designed to attract children and it is not our intent to collect personal data from children under the age of consent in their country of residence. We therefore request that children under the age of consent do not submit any personal data to us.<\/p><h2>11. Contact details<\/h2><p>Ander Garcia<br \/>\n        Jose Luis i\u00f1arra 35 Arrasate (Gipuzkoa)<br \/>\n        Espa\u00f1a<br \/>\n        Website: <a href=\"https:\/\/botfortelegram.com\/es\/\">https:\/\/botfortelegram.com\/es\/<\/a> <br \/>\n        Email: &#114;oo&#107;ie&#103;&#097;l&#116;x&#097;&#064;g&#109;&#097;&#105;&#108;&#046;c&#111;m <br \/>\n        <br \/>\n        <\/p><\/div>\n\n<div style=\"font-size: 0px; height: 0px; line-height: 0px; margin: 0; padding: 0; clear: both;\"><\/div>","protected":false},"excerpt":{"rendered":"","protected":false},"author":1,"featured_media":0,"parent":0,"menu_order":0,"comment_status":"closed","ping_status":"closed","template":"","meta":{"_et_pb_use_builder":"","_et_pb_old_content":"","_et_gb_content_width":"","footnotes":""},"yoast_head":"<!-- This site is optimized with the Yoast SEO plugin v23.1 - https:\/\/yoast.com\/wordpress\/plugins\/seo\/ -->\n<title>Declaraci\u00f3n de privacidad (US) - Bot for telegram<\/title>\n<meta name=\"robots\" content=\"index, follow, max-snippet:-1, max-image-preview:large, max-video-preview:-1\" \/>\n<link rel=\"canonical\" href=\"https:\/\/botfortelegram.com\/es\/declaracion-de-privacidad-us\/\" \/>\n<meta property=\"og:locale\" content=\"es_ES\" \/>\n<meta property=\"og:type\" content=\"article\" \/>\n<meta property=\"og:title\" content=\"Declaraci\u00f3n de privacidad (US) - Bot for telegram\" \/>\n<meta property=\"og:url\" content=\"https:\/\/botfortelegram.com\/es\/declaracion-de-privacidad-us\/\" \/>\n<meta property=\"og:site_name\" content=\"Bot for telegram\" \/>\n<meta name=\"twitter:card\" content=\"summary_large_image\" \/>\n<script type=\"application\/ld+json\" class=\"yoast-schema-graph\">{\"@context\":\"https:\/\/schema.org\",\"@graph\":[{\"@type\":\"WebPage\",\"@id\":\"https:\/\/botfortelegram.com\/es\/declaracion-de-privacidad-us\/\",\"url\":\"https:\/\/botfortelegram.com\/es\/declaracion-de-privacidad-us\/\",\"name\":\"Declaraci\u00f3n de privacidad (US) - Bot for telegram\",\"isPartOf\":{\"@id\":\"https:\/\/botfortelegram.com\/#website\"},\"datePublished\":\"2024-05-22T09:35:04+00:00\",\"dateModified\":\"2024-05-22T09:35:04+00:00\",\"breadcrumb\":{\"@id\":\"https:\/\/botfortelegram.com\/es\/declaracion-de-privacidad-us\/#breadcrumb\"},\"inLanguage\":\"es\",\"potentialAction\":[{\"@type\":\"ReadAction\",\"target\":[\"https:\/\/botfortelegram.com\/es\/declaracion-de-privacidad-us\/\"]}]},{\"@type\":\"BreadcrumbList\",\"@id\":\"https:\/\/botfortelegram.com\/es\/declaracion-de-privacidad-us\/#breadcrumb\",\"itemListElement\":[{\"@type\":\"ListItem\",\"position\":1,\"name\":\"Home\",\"item\":\"https:\/\/botfortelegram.com\/es\/\"},{\"@type\":\"ListItem\",\"position\":2,\"name\":\"Declaraci\u00f3n de privacidad (US)\"}]},{\"@type\":\"WebSite\",\"@id\":\"https:\/\/botfortelegram.com\/#website\",\"url\":\"https:\/\/botfortelegram.com\/\",\"name\":\"Bot for telegram\",\"description\":\"Find the best Telegram bots, groups and channels in this website.\",\"potentialAction\":[{\"@type\":\"SearchAction\",\"target\":{\"@type\":\"EntryPoint\",\"urlTemplate\":\"https:\/\/botfortelegram.com\/?s={search_term_string}\"},\"query-input\":\"required name=search_term_string\"}],\"inLanguage\":\"es\"}]}<\/script>\n<!-- \/ Yoast SEO plugin. -->","yoast_head_json":{"title":"Declaraci\u00f3n de privacidad (US) - Bot for telegram","robots":{"index":"index","follow":"follow","max-snippet":"max-snippet:-1","max-image-preview":"max-image-preview:large","max-video-preview":"max-video-preview:-1"},"canonical":"https:\/\/botfortelegram.com\/es\/declaracion-de-privacidad-us\/","og_locale":"es_ES","og_type":"article","og_title":"Declaraci\u00f3n de privacidad (US) - Bot for telegram","og_url":"https:\/\/botfortelegram.com\/es\/declaracion-de-privacidad-us\/","og_site_name":"Bot for telegram","twitter_card":"summary_large_image","schema":{"@context":"https:\/\/schema.org","@graph":[{"@type":"WebPage","@id":"https:\/\/botfortelegram.com\/es\/declaracion-de-privacidad-us\/","url":"https:\/\/botfortelegram.com\/es\/declaracion-de-privacidad-us\/","name":"Declaraci\u00f3n de privacidad (US) - Bot for telegram","isPartOf":{"@id":"https:\/\/botfortelegram.com\/#website"},"datePublished":"2024-05-22T09:35:04+00:00","dateModified":"2024-05-22T09:35:04+00:00","breadcrumb":{"@id":"https:\/\/botfortelegram.com\/es\/declaracion-de-privacidad-us\/#breadcrumb"},"inLanguage":"es","potentialAction":[{"@type":"ReadAction","target":["https:\/\/botfortelegram.com\/es\/declaracion-de-privacidad-us\/"]}]},{"@type":"BreadcrumbList","@id":"https:\/\/botfortelegram.com\/es\/declaracion-de-privacidad-us\/#breadcrumb","itemListElement":[{"@type":"ListItem","position":1,"name":"Home","item":"https:\/\/botfortelegram.com\/es\/"},{"@type":"ListItem","position":2,"name":"Declaraci\u00f3n de privacidad (US)"}]},{"@type":"WebSite","@id":"https:\/\/botfortelegram.com\/#website","url":"https:\/\/botfortelegram.com\/","name":"Bot for telegram","description":"Find the best Telegram bots, groups and channels in this website.","potentialAction":[{"@type":"SearchAction","target":{"@type":"EntryPoint","urlTemplate":"https:\/\/botfortelegram.com\/?s={search_term_string}"},"query-input":"required name=search_term_string"}],"inLanguage":"es"}]}},"_links":{"self":[{"href":"https:\/\/botfortelegram.com\/es\/wp-json\/wp\/v2\/pages\/11402"}],"collection":[{"href":"https:\/\/botfortelegram.com\/es\/wp-json\/wp\/v2\/pages"}],"about":[{"href":"https:\/\/botfortelegram.com\/es\/wp-json\/wp\/v2\/types\/page"}],"author":[{"embeddable":true,"href":"https:\/\/botfortelegram.com\/es\/wp-json\/wp\/v2\/users\/1"}],"replies":[{"embeddable":true,"href":"https:\/\/botfortelegram.com\/es\/wp-json\/wp\/v2\/comments?post=11402"}],"version-history":[{"count":0,"href":"https:\/\/botfortelegram.com\/es\/wp-json\/wp\/v2\/pages\/11402\/revisions"}],"wp:attachment":[{"href":"https:\/\/botfortelegram.com\/es\/wp-json\/wp\/v2\/media?parent=11402"}],"curies":[{"name":"wp","href":"https:\/\/api.w.org\/{rel}","templated":true}]}}