{"id":201,"date":"2020-11-26T12:20:01","date_gmt":"2020-11-26T12:20:01","guid":{"rendered":"https:\/\/botfortelegram.com\/?page_id=201"},"modified":"2022-03-15T22:08:43","modified_gmt":"2022-03-15T22:08:43","slug":"contacto","status":"publish","type":"page","link":"https:\/\/botfortelegram.com\/es\/contacto\/","title":{"rendered":"Contacto"},"content":{"rendered":"<div class=\"83702bc9ddb2419f09996268eb9c3177\" data-index=\"1\" style=\"float: none; margin:10px 0 10px 0; text-align:center;\">\n<ins class=\"adsbygoogle vertical\"\r\n     style=\"text-align:center;\"\r\n     data-ad-layout=\"in-article\"\r\n     data-ad-format=\"vertical\"\r\n     data-ad-client=\"ca-pub-3674570305582761\"\r\n     data-ad-slot=\"4343392623\"><\/ins>\r\n<script>\r\n     (adsbygoogle = window.adsbygoogle || []).push({});\r\n<\/script>\r\n\r\n<ins class=\"adsbygoogle rectangle\"\r\n     style=\"text-align:center;\"\r\n     data-ad-layout=\"in-article\"\r\n     data-ad-format=\"rectangle\"\r\n     data-ad-client=\"ca-pub-3674570305582761\"\r\n     data-ad-slot=\"4343392623\"><\/ins>\r\n<script>\r\n     (adsbygoogle = window.adsbygoogle || []).push({});\r\n<\/script>\n<\/div>\n[et_pb_section fb_built=\u00bb1&#8243; custom_padding_last_edited=\u00bbon|desktop\u00bb next_background_color=\u00bb#ffffff\u00bb admin_label=\u00bbHeader\u00bb _builder_version=\u00bb4.9.0&#8243; background_color=\u00bb#177DC6&#8243; background_color_gradient_direction=\u00bb130deg\u00bb parallax=\u00bbon\u00bb custom_padding=\u00bb0px||115px||false|false\u00bb custom_padding_tablet=\u00bb100px||100px||true\u00bb custom_padding_phone=\u00bb||||true\u00bb bottom_divider_style=\u00bbcurve2&#8243; bottom_divider_height=\u00bb250px\u00bb bottom_divider_flip=\u00bbhorizontal\u00bb bottom_divider_height_tablet=\u00bb150px\u00bb bottom_divider_height_phone=\u00bb110px\u00bb bottom_divider_height_last_edited=\u00bbon|phone\u00bb animation_style=\u00bbfade\u00bb animation_duration=\u00bb600ms\u00bb saved_tabs=\u00bball\u00bb locked=\u00bboff\u00bb global_colors_info=\u00bb{}\u00bb][et_pb_row _builder_version=\u00bb3.25&#8243; global_colors_info=\u00bb{}\u00bb][et_pb_column type=\u00bb4_4&#8243; _builder_version=\u00bb3.25&#8243; custom_padding=\u00bb|||\u00bb global_colors_info=\u00bb{}\u00bb custom_padding__hover=\u00bb|||\u00bb][et_pb_text _builder_version=\u00bb4.9.0&#8243; text_font=\u00bbRoboto||||||||\u00bb text_font_size=\u00bb16px\u00bb text_line_height=\u00bb1.8em\u00bb header_font=\u00bb|700|||||||\u00bb header_text_align=\u00bbcenter\u00bb header_font_size=\u00bb80px\u00bb header_line_height=\u00bb1.2em\u00bb header_3_font=\u00bbRoboto|700||on|||||\u00bb header_3_text_align=\u00bbcenter\u00bb header_3_text_color=\u00bb#ffffff\u00bb header_3_font_size=\u00bb24px\u00bb header_3_letter_spacing=\u00bb10px\u00bb header_3_line_height=\u00bb2em\u00bb text_orientation=\u00bbcenter\u00bb background_layout=\u00bbdark\u00bb module_alignment=\u00bbcenter\u00bb text_font_size_last_edited=\u00bboff|desktop\u00bb header_font_size_tablet=\u00bb40px\u00bb header_font_size_phone=\u00bb32px\u00bb header_font_size_last_edited=\u00bbon|phone\u00bb header_3_font_size_tablet=\u00bb16px\u00bb header_3_font_size_phone=\u00bb14px\u00bb header_3_font_size_last_edited=\u00bbon|phone\u00bb header_3_letter_spacing_tablet=\u00bb5px\u00bb header_3_letter_spacing_phone=\u00bb\u00bb header_3_letter_spacing_last_edited=\u00bbon|tablet\u00bb global_colors_info=\u00bb{}\u00bb]\n<h1>CONT\u00c1CTANOS<\/h1>\n[\/et_pb_text][et_pb_text _builder_version=\u00bb3.27.4&#8243; text_font=\u00bb||||||||\u00bb text_font_size=\u00bb20px\u00bb text_line_height=\u00bb2em\u00bb ul_font=\u00bb||||||||\u00bb header_font=\u00bbRoboto|700|||||||\u00bb header_text_align=\u00bbcenter\u00bb header_font_size=\u00bb80px\u00bb header_line_height=\u00bb1.2em\u00bb header_3_font=\u00bbRoboto|700||on|||||\u00bb header_3_text_align=\u00bbcenter\u00bb header_3_text_color=\u00bb#ffffff\u00bb header_3_font_size=\u00bb24px\u00bb header_3_letter_spacing=\u00bb10px\u00bb header_3_line_height=\u00bb2em\u00bb text_orientation=\u00bbcenter\u00bb background_layout=\u00bbdark\u00bb max_width=\u00bb800px\u00bb module_alignment=\u00bbcenter\u00bb text_font_size_last_edited=\u00bboff|desktop\u00bb header_font_size_tablet=\u00bb40px\u00bb header_font_size_phone=\u00bb32px\u00bb header_font_size_last_edited=\u00bbon|phone\u00bb header_3_font_size_tablet=\u00bb16px\u00bb header_3_font_size_phone=\u00bb14px\u00bb header_3_font_size_last_edited=\u00bbon|phone\u00bb header_3_letter_spacing_tablet=\u00bb5px\u00bb header_3_letter_spacing_phone=\u00bb\u00bb header_3_letter_spacing_last_edited=\u00bbon|tablet\u00bb global_colors_info=\u00bb{}\u00bb]\n<p>Si quieres contactar con nosotros por cualquier raz\u00f3n, quiz\u00e1s porque <strong>tengas un BOT o Canal para Telegram <\/strong>y quieres compartir con el resto, o quieres dar alg\u00fan consejo o informaci\u00f3n relacionado con Telegram, utiliza el siguiente formulario.<\/p>\n[\/et_pb_text][\/et_pb_column][\/et_pb_row][\/et_pb_section][et_pb_section fb_built=\u00bb1&#8243; admin_label=\u00bbContact\u00bb _builder_version=\u00bb3.22&#8243; custom_padding=\u00bb13px||13px||true|false\u00bb saved_tabs=\u00bball\u00bb global_colors_info=\u00bb{}\u00bb][et_pb_row _builder_version=\u00bb3.25&#8243; custom_margin=\u00bb40px|||\u00bb custom_padding=\u00bb0|0px|27px|0px|false|false\u00bb global_colors_info=\u00bb{}\u00bb][et_pb_column type=\u00bb4_4&#8243; _builder_version=\u00bb3.25&#8243; custom_padding=\u00bb|||\u00bb global_colors_info=\u00bb{}\u00bb custom_padding__hover=\u00bb|||\u00bb][et_pb_text _builder_version=\u00bb4.9.2&#8243; text_font=\u00bb||||||||\u00bb text_font_size=\u00bb16px\u00bb text_line_height=\u00bb2em\u00bb ul_font=\u00bb||||||||\u00bb header_font=\u00bb||||||||\u00bb header_2_font=\u00bb|700|||||||\u00bb header_2_font_size=\u00bb45px\u00bb header_2_line_height=\u00bb1.2em\u00bb header_3_font=\u00bb||||||||\u00bb text_orientation=\u00bbcenter\u00bb max_width=\u00bb800px\u00bb max_width_last_edited=\u00bboff|desktop\u00bb module_alignment=\u00bbcenter\u00bb custom_margin=\u00bb|||\u00bb custom_padding=\u00bb|||\u00bb header_2_font_size_tablet=\u00bb35px\u00bb header_2_font_size_phone=\u00bb28px\u00bb header_2_font_size_last_edited=\u00bbon|phone\u00bb global_colors_info=\u00bb{}\u00bb]\n<h2>Enviar Formulario<\/h2>\n<p>Estaremos deseosos de escucharte\u00a0 <img decoding=\"async\" src=\"https:\/\/botfortelegram.com\/wp-content\/themes\/Divi\/includes\/builder\/frontend-builder\/assets\/vendors\/plugins\/emoticons\/img\/smiley-wink.gif\" alt=\"wink\" \/><\/p><div class=\"83702bc9ddb2419f09996268eb9c3177\" data-index=\"2\" style=\"float: none; margin:10px 0 10px 0; text-align:center;\">\n<!-- Anuncio inarticle medio del post -->\r\n<ins class=\"adsbygoogle advertical\"\r\n     style=\"text-align:center;\"\r\n     data-ad-layout=\"in-article\"\r\n     data-ad-format=\"vertical\"\r\n     data-ad-client=\"ca-pub-3674570305582761\"\r\n     data-ad-slot=\"8640393844\"><\/ins>\r\n<script>\r\n     (adsbygoogle = window.adsbygoogle || []).push({});\r\n<\/script>\r\n\r\n<!-- Anuncio inarticle medio del post -->\r\n<ins class=\"adsbygoogle adrectangle\"\r\n     style=\"text-align:center;\"\r\n     data-ad-layout=\"in-article\"\r\n     data-ad-format=\"rectangle\"\r\n     data-ad-client=\"ca-pub-3674570305582761\"\r\n     data-ad-slot=\"8640393844\"><\/ins>\r\n<script>\r\n     (adsbygoogle = window.adsbygoogle || []).push({});\r\n<\/script>\n<\/div>\n\n[\/et_pb_text][et_pb_contact_form captcha=\u00bboff\u00bb module_id=\u00bbet_pb_contact_form_0&#8243; _builder_version=\u00bb4.14.9&#8243; _unique_id=\u00bb674f6e8b-9ecd-4c7e-b131-8aa6558223ec\u00bb form_field_background_color=\u00bbrgba(110,130,208,0.04)\u00bb title_level=\u00bbh2&#8243; title_font=\u00bb|700|||||||\u00bb title_text_align=\u00bbcenter\u00bb title_font_size=\u00bb45px\u00bb title_line_height=\u00bb1.8em\u00bb form_field_font=\u00bb||||||||\u00bb form_field_font_size=\u00bb16px\u00bb form_field_line_height=\u00bb1.8em\u00bb custom_button=\u00bbon\u00bb button_text_size=\u00bb16px\u00bb button_text_color=\u00bb#FFFFFF\u00bb button_bg_color=\u00bb#177DC6&#8243; button_bg_color_gradient_start=\u00bb#f7828e\u00bb button_bg_color_gradient_end=\u00bb#fcb6ab\u00bb button_bg_color_gradient_direction=\u00bb90deg\u00bb button_border_width=\u00bb10px\u00bb button_border_color=\u00bbrgba(0,0,0,0)\u00bb button_border_radius=\u00bb25px\u00bb button_letter_spacing=\u00bb3px\u00bb button_font=\u00bb|700||on|||||\u00bb button_icon=\u00bb&#xe010;||divi||400&#8243; button_icon_color=\u00bbrgba(0,0,0,0)\u00bb hover_enabled=\u00bb0&#8243; title_font_size_tablet=\u00bb35px\u00bb title_font_size_phone=\u00bb28px\u00bb title_font_size_last_edited=\u00bbon|phone\u00bb button_text_size_tablet=\u00bb14px\u00bb button_text_size_phone=\u00bb10px\u00bb button_text_size_last_edited=\u00bbon|tablet\u00bb border_radii=\u00bbon|25px|25px|25px|25px\u00bb border_color_all=\u00bb#bec2d8&#8243; border_width_bottom=\u00bb3px\u00bb box_shadow_style=\u00bbpreset3&#8243; box_shadow_blur=\u00bb25px\u00bb box_shadow_spread=\u00bb-22px\u00bb box_shadow_style_button=\u00bbpreset3&#8243; box_shadow_color_button=\u00bbrgba(0,0,0,0.24)\u00bb form_background_color=\u00bbrgba(110,130,208,0.04)\u00bb global_colors_info=\u00bb{}\u00bb button_text_color_hover=\u00bb#FFFFFF\u00bb button_bg_color_hover=\u00bb#0C71C3&#8243; sticky_enabled=\u00bb0&#8243;][et_pb_contact_field field_id=\u00bbName\u00bb field_title=\u00bbNombre *\u00bb _builder_version=\u00bb3.16&#8243; global_colors_info=\u00bb{}\u00bb button_text_size__hover_enabled=\u00bboff\u00bb button_one_text_size__hover_enabled=\u00bboff\u00bb button_two_text_size__hover_enabled=\u00bboff\u00bb button_text_color__hover_enabled=\u00bboff\u00bb button_one_text_color__hover_enabled=\u00bboff\u00bb button_two_text_color__hover_enabled=\u00bboff\u00bb button_border_width__hover_enabled=\u00bboff\u00bb button_one_border_width__hover_enabled=\u00bboff\u00bb button_two_border_width__hover_enabled=\u00bboff\u00bb button_border_color__hover_enabled=\u00bboff\u00bb button_one_border_color__hover_enabled=\u00bboff\u00bb button_two_border_color__hover_enabled=\u00bboff\u00bb button_border_radius__hover_enabled=\u00bboff\u00bb button_one_border_radius__hover_enabled=\u00bboff\u00bb button_two_border_radius__hover_enabled=\u00bboff\u00bb button_letter_spacing__hover_enabled=\u00bboff\u00bb button_one_letter_spacing__hover_enabled=\u00bboff\u00bb button_two_letter_spacing__hover_enabled=\u00bboff\u00bb button_bg_color__hover_enabled=\u00bboff\u00bb button_one_bg_color__hover_enabled=\u00bboff\u00bb button_two_bg_color__hover_enabled=\u00bboff\u00bb][\/et_pb_contact_field][et_pb_contact_field field_id=\u00bbEmail\u00bb field_title=\u00bbTu direcci\u00f3n de Email *\u00bb field_type=\u00bbemail\u00bb _builder_version=\u00bb3.16&#8243; global_colors_info=\u00bb{}\u00bb button_text_size__hover_enabled=\u00bboff\u00bb button_one_text_size__hover_enabled=\u00bboff\u00bb button_two_text_size__hover_enabled=\u00bboff\u00bb button_text_color__hover_enabled=\u00bboff\u00bb button_one_text_color__hover_enabled=\u00bboff\u00bb button_two_text_color__hover_enabled=\u00bboff\u00bb button_border_width__hover_enabled=\u00bboff\u00bb button_one_border_width__hover_enabled=\u00bboff\u00bb button_two_border_width__hover_enabled=\u00bboff\u00bb button_border_color__hover_enabled=\u00bboff\u00bb button_one_border_color__hover_enabled=\u00bboff\u00bb button_two_border_color__hover_enabled=\u00bboff\u00bb button_border_radius__hover_enabled=\u00bboff\u00bb button_one_border_radius__hover_enabled=\u00bboff\u00bb button_two_border_radius__hover_enabled=\u00bboff\u00bb button_letter_spacing__hover_enabled=\u00bboff\u00bb button_one_letter_spacing__hover_enabled=\u00bboff\u00bb button_two_letter_spacing__hover_enabled=\u00bboff\u00bb button_bg_color__hover_enabled=\u00bboff\u00bb button_one_bg_color__hover_enabled=\u00bboff\u00bb button_two_bg_color__hover_enabled=\u00bboff\u00bb][\/et_pb_contact_field][et_pb_contact_field _builder_version=\u00bb4.14.9&#8243; _module_preset=\u00bbdefault\u00bb field_title=\u00bbQu\u00e9 quieres enviar\u00bb field_type=\u00bbselect\u00bb select_options=\u00bb%91{%22value%22:%22Bot%22,%22checked%22:0,%22dragID%22:-1},{%22value%22:%22Canal%22,%22checked%22:0,%22dragID%22:0},{%22value%22:%22Grupo%22,%22checked%22:0,%22dragID%22:1},{%22value%22:%22Un mensaje%22,%22checked%22:0,%22dragID%22:2}%93&#8243; hover_enabled=\u00bb0&#8243; sticky_enabled=\u00bb0&#8243; field_id=\u00bbque_quieres_enviar\u00bb][\/et_pb_contact_field][et_pb_contact_field _builder_version=\u00bb4.14.9&#8243; _module_preset=\u00bbdefault\u00bb field_id=\u00bbDescripcion\u00bb field_title=\u00bbDescripci\u00f3n del Bot, Canal o grupo de Telegram\u00bb required_mark=\u00bboff\u00bb hover_enabled=\u00bb0&#8243; sticky_enabled=\u00bb0&#8243; field_type=\u00bbtext\u00bb][\/et_pb_contact_field][et_pb_contact_field _builder_version=\u00bb4.14.9&#8243; _module_preset=\u00bbdefault\u00bb field_id=\u00bbComo_usarlo\u00bb field_title=\u00bbC\u00f3mo usar el canal, grupo o Bot de Telegram\u00bb field_type=\u00bbtext\u00bb hover_enabled=\u00bb0&#8243; sticky_enabled=\u00bb0&#8243; required_mark=\u00bboff\u00bb][\/et_pb_contact_field][et_pb_contact_field _builder_version=\u00bb4.14.9&#8243; _module_preset=\u00bbdefault\u00bb field_id=\u00bblink\u00bb field_title=\u00bbLINK y m\u00e1s info sobre el grupo, Bot o canal de Telegram\u00bb field_type=\u00bbtext\u00bb hover_enabled=\u00bb0&#8243; sticky_enabled=\u00bb0&#8243; required_mark=\u00bboff\u00bb][\/et_pb_contact_field][et_pb_contact_field field_id=\u00bbMessage\u00bb field_title=\u00bbMensaje que nos quieras mandar\u00bb field_type=\u00bbtext\u00bb fullwidth_field=\u00bbon\u00bb _builder_version=\u00bb4.14.9&#8243; hover_enabled=\u00bb0&#8243; global_colors_info=\u00bb{}\u00bb button_text_size__hover_enabled=\u00bboff\u00bb button_one_text_size__hover_enabled=\u00bboff\u00bb button_two_text_size__hover_enabled=\u00bboff\u00bb button_text_color__hover_enabled=\u00bboff\u00bb button_one_text_color__hover_enabled=\u00bboff\u00bb button_two_text_color__hover_enabled=\u00bboff\u00bb button_border_width__hover_enabled=\u00bboff\u00bb button_one_border_width__hover_enabled=\u00bboff\u00bb button_two_border_width__hover_enabled=\u00bboff\u00bb button_border_color__hover_enabled=\u00bboff\u00bb button_one_border_color__hover_enabled=\u00bboff\u00bb button_two_border_color__hover_enabled=\u00bboff\u00bb button_border_radius__hover_enabled=\u00bboff\u00bb button_one_border_radius__hover_enabled=\u00bboff\u00bb button_two_border_radius__hover_enabled=\u00bboff\u00bb button_letter_spacing__hover_enabled=\u00bboff\u00bb button_one_letter_spacing__hover_enabled=\u00bboff\u00bb button_two_letter_spacing__hover_enabled=\u00bboff\u00bb button_bg_color__hover_enabled=\u00bboff\u00bb button_one_bg_color__hover_enabled=\u00bboff\u00bb button_two_bg_color__hover_enabled=\u00bboff\u00bb sticky_enabled=\u00bb0&#8243;][\/et_pb_contact_field][\/et_pb_contact_form][\/et_pb_column][\/et_pb_row][\/et_pb_section]\n\n<div style=\"font-size: 0px; height: 0px; line-height: 0px; margin: 0; padding: 0; clear: both;\"><\/div>","protected":false},"excerpt":{"rendered":"<p>CONT\u00c1CTANOSSi quieres contactar con nosotros por cualquier raz\u00f3n, quiz\u00e1s porque tengas un BOT o Canal para Telegram y quieres compartir con el resto, o quieres dar alg\u00fan consejo o informaci\u00f3n relacionado con Telegram, utiliza el siguiente formulario.Enviar Formulario Estaremos deseosos de escucharte\u00a0<\/p>\n","protected":false},"author":1,"featured_media":0,"parent":0,"menu_order":0,"comment_status":"closed","ping_status":"closed","template":"","meta":{"_et_pb_use_builder":"on","_et_pb_old_content":"dtdytryrty","_et_gb_content_width":"","footnotes":""},"yoast_head":"<!-- This site is optimized with the Yoast SEO plugin v23.1 - https:\/\/yoast.com\/wordpress\/plugins\/seo\/ -->\n<title>Contacto - Bot for telegram<\/title>\n<meta name=\"robots\" content=\"index, follow, max-snippet:-1, max-image-preview:large, max-video-preview:-1\" \/>\n<link rel=\"canonical\" href=\"https:\/\/botfortelegram.com\/es\/contacto\/\" \/>\n<meta property=\"og:locale\" content=\"es_ES\" \/>\n<meta property=\"og:type\" content=\"article\" \/>\n<meta property=\"og:title\" content=\"Contacto - Bot for telegram\" \/>\n<meta property=\"og:url\" content=\"https:\/\/botfortelegram.com\/es\/contacto\/\" \/>\n<meta property=\"og:site_name\" content=\"Bot for telegram\" \/>\n<meta property=\"article:modified_time\" content=\"2022-03-15T22:08:43+00:00\" \/>\n<meta property=\"og:image\" content=\"https:\/\/botfortelegram.com\/wp-content\/themes\/Divi\/includes\/builder\/frontend-builder\/assets\/vendors\/plugins\/emoticons\/img\/smiley-wink.gif\" \/>\n<meta name=\"twitter:card\" content=\"summary_large_image\" \/>\n<meta name=\"twitter:label1\" content=\"Tiempo de lectura\" \/>\n\t<meta name=\"twitter:data1\" content=\"7 minutos\" \/>\n<script type=\"application\/ld+json\" class=\"yoast-schema-graph\">{\"@context\":\"https:\/\/schema.org\",\"@graph\":[{\"@type\":\"WebPage\",\"@id\":\"https:\/\/botfortelegram.com\/es\/contacto\/\",\"url\":\"https:\/\/botfortelegram.com\/es\/contacto\/\",\"name\":\"Contacto - Bot for telegram\",\"isPartOf\":{\"@id\":\"https:\/\/botfortelegram.com\/#website\"},\"primaryImageOfPage\":{\"@id\":\"https:\/\/botfortelegram.com\/es\/contacto\/#primaryimage\"},\"image\":{\"@id\":\"https:\/\/botfortelegram.com\/es\/contacto\/#primaryimage\"},\"thumbnailUrl\":\"https:\/\/botfortelegram.com\/wp-content\/themes\/Divi\/includes\/builder\/frontend-builder\/assets\/vendors\/plugins\/emoticons\/img\/smiley-wink.gif\",\"datePublished\":\"2020-11-26T12:20:01+00:00\",\"dateModified\":\"2022-03-15T22:08:43+00:00\",\"breadcrumb\":{\"@id\":\"https:\/\/botfortelegram.com\/es\/contacto\/#breadcrumb\"},\"inLanguage\":\"es\",\"potentialAction\":[{\"@type\":\"ReadAction\",\"target\":[\"https:\/\/botfortelegram.com\/es\/contacto\/\"]}]},{\"@type\":\"ImageObject\",\"inLanguage\":\"es\",\"@id\":\"https:\/\/botfortelegram.com\/es\/contacto\/#primaryimage\",\"url\":\"https:\/\/botfortelegram.com\/wp-content\/themes\/Divi\/includes\/builder\/frontend-builder\/assets\/vendors\/plugins\/emoticons\/img\/smiley-wink.gif\",\"contentUrl\":\"https:\/\/botfortelegram.com\/wp-content\/themes\/Divi\/includes\/builder\/frontend-builder\/assets\/vendors\/plugins\/emoticons\/img\/smiley-wink.gif\"},{\"@type\":\"BreadcrumbList\",\"@id\":\"https:\/\/botfortelegram.com\/es\/contacto\/#breadcrumb\",\"itemListElement\":[{\"@type\":\"ListItem\",\"position\":1,\"name\":\"Home\",\"item\":\"https:\/\/botfortelegram.com\/es\/\"},{\"@type\":\"ListItem\",\"position\":2,\"name\":\"Contacto\"}]},{\"@type\":\"WebSite\",\"@id\":\"https:\/\/botfortelegram.com\/#website\",\"url\":\"https:\/\/botfortelegram.com\/\",\"name\":\"Bot for telegram\",\"description\":\"Find the best Telegram bots, groups and channels in this website.\",\"potentialAction\":[{\"@type\":\"SearchAction\",\"target\":{\"@type\":\"EntryPoint\",\"urlTemplate\":\"https:\/\/botfortelegram.com\/?s={search_term_string}\"},\"query-input\":\"required name=search_term_string\"}],\"inLanguage\":\"es\"}]}<\/script>\n<!-- \/ Yoast SEO plugin. -->","yoast_head_json":{"title":"Contacto - Bot for telegram","robots":{"index":"index","follow":"follow","max-snippet":"max-snippet:-1","max-image-preview":"max-image-preview:large","max-video-preview":"max-video-preview:-1"},"canonical":"https:\/\/botfortelegram.com\/es\/contacto\/","og_locale":"es_ES","og_type":"article","og_title":"Contacto - Bot for telegram","og_url":"https:\/\/botfortelegram.com\/es\/contacto\/","og_site_name":"Bot for telegram","article_modified_time":"2022-03-15T22:08:43+00:00","og_image":[{"url":"https:\/\/botfortelegram.com\/wp-content\/themes\/Divi\/includes\/builder\/frontend-builder\/assets\/vendors\/plugins\/emoticons\/img\/smiley-wink.gif"}],"twitter_card":"summary_large_image","twitter_misc":{"Tiempo de lectura":"7 minutos"},"schema":{"@context":"https:\/\/schema.org","@graph":[{"@type":"WebPage","@id":"https:\/\/botfortelegram.com\/es\/contacto\/","url":"https:\/\/botfortelegram.com\/es\/contacto\/","name":"Contacto - Bot for telegram","isPartOf":{"@id":"https:\/\/botfortelegram.com\/#website"},"primaryImageOfPage":{"@id":"https:\/\/botfortelegram.com\/es\/contacto\/#primaryimage"},"image":{"@id":"https:\/\/botfortelegram.com\/es\/contacto\/#primaryimage"},"thumbnailUrl":"https:\/\/botfortelegram.com\/wp-content\/themes\/Divi\/includes\/builder\/frontend-builder\/assets\/vendors\/plugins\/emoticons\/img\/smiley-wink.gif","datePublished":"2020-11-26T12:20:01+00:00","dateModified":"2022-03-15T22:08:43+00:00","breadcrumb":{"@id":"https:\/\/botfortelegram.com\/es\/contacto\/#breadcrumb"},"inLanguage":"es","potentialAction":[{"@type":"ReadAction","target":["https:\/\/botfortelegram.com\/es\/contacto\/"]}]},{"@type":"ImageObject","inLanguage":"es","@id":"https:\/\/botfortelegram.com\/es\/contacto\/#primaryimage","url":"https:\/\/botfortelegram.com\/wp-content\/themes\/Divi\/includes\/builder\/frontend-builder\/assets\/vendors\/plugins\/emoticons\/img\/smiley-wink.gif","contentUrl":"https:\/\/botfortelegram.com\/wp-content\/themes\/Divi\/includes\/builder\/frontend-builder\/assets\/vendors\/plugins\/emoticons\/img\/smiley-wink.gif"},{"@type":"BreadcrumbList","@id":"https:\/\/botfortelegram.com\/es\/contacto\/#breadcrumb","itemListElement":[{"@type":"ListItem","position":1,"name":"Home","item":"https:\/\/botfortelegram.com\/es\/"},{"@type":"ListItem","position":2,"name":"Contacto"}]},{"@type":"WebSite","@id":"https:\/\/botfortelegram.com\/#website","url":"https:\/\/botfortelegram.com\/","name":"Bot for telegram","description":"Find the best Telegram bots, groups and channels in this website.","potentialAction":[{"@type":"SearchAction","target":{"@type":"EntryPoint","urlTemplate":"https:\/\/botfortelegram.com\/?s={search_term_string}"},"query-input":"required name=search_term_string"}],"inLanguage":"es"}]}},"_links":{"self":[{"href":"https:\/\/botfortelegram.com\/es\/wp-json\/wp\/v2\/pages\/201"}],"collection":[{"href":"https:\/\/botfortelegram.com\/es\/wp-json\/wp\/v2\/pages"}],"about":[{"href":"https:\/\/botfortelegram.com\/es\/wp-json\/wp\/v2\/types\/page"}],"author":[{"embeddable":true,"href":"https:\/\/botfortelegram.com\/es\/wp-json\/wp\/v2\/users\/1"}],"replies":[{"embeddable":true,"href":"https:\/\/botfortelegram.com\/es\/wp-json\/wp\/v2\/comments?post=201"}],"version-history":[{"count":1,"href":"https:\/\/botfortelegram.com\/es\/wp-json\/wp\/v2\/pages\/201\/revisions"}],"predecessor-version":[{"id":7480,"href":"https:\/\/botfortelegram.com\/es\/wp-json\/wp\/v2\/pages\/201\/revisions\/7480"}],"wp:attachment":[{"href":"https:\/\/botfortelegram.com\/es\/wp-json\/wp\/v2\/media?parent=201"}],"curies":[{"name":"wp","href":"https:\/\/api.w.org\/{rel}","templated":true}]}}